{"id":10,"date":"2018-12-03T22:34:09","date_gmt":"2018-12-03T22:34:09","guid":{"rendered":"http:\/\/demo.megathe.me\/test2\/heather\/?page_id=10"},"modified":"2019-08-19T18:42:09","modified_gmt":"2019-08-19T16:42:09","slug":"about","status":"publish","type":"page","link":"https:\/\/jeremieroyer.com\/?page_id=10","title":{"rendered":"About"},"content":{"rendered":"<p>[vc_row][vc_column][vc_single_image image=\u00a0\u00bb479&Prime; img_size=\u00a0\u00bbmedium\u00a0\u00bb alignment=\u00a0\u00bbcenter\u00a0\u00bb][\/vc_column][\/vc_row][vc_row el_class=\u00a0\u00bbno-margin-bottom light-margin-top\u00a0\u00bb][vc_column][vc_column_text]Il passe une grande partie de sa jeunesse \u00e0 Nice, puis y suit une formation en graphisme publicitaire pendant deux ans. Il d\u00e9cide ensuite de partir \u00e0 l\u2019\u00e9cole de BD de Saint-Luc \u00e0 Bruxelles. Ses \u00e9tudes termin\u00e9es, il retourne finalement \u00e0 Paris, o\u00f9 il d\u00e9bute sa carri\u00e8re dans le dessin.<\/p>\n<p>En 2011, chez Manolosanctis, il publie \u00ab\u00a0La Travers\u00e9e\u00a0\u00bb, qu&rsquo;il r\u00e9alise seul, et \u00ab\u00a0Yesterday\u00a0\u00bb, dont David Blot signe le sc\u00e9nario. Plus tard, il d\u00e9cide de repartir \u00e0 Bruxelles, o\u00f9, avec ses anciens camarades de promotion, il cr\u00e9e l&rsquo;atelier Mille.<\/p>\n<p>En 2016, sort \u00ab\u00a0Sur les ailes du monde, Audubon\u00a0\u00bb, un album r\u00e9alis\u00e9 avec le sc\u00e9nariste Fabien Grolleau et consacr\u00e9 \u00e0 l&rsquo;ornithologue et peintre Jean-Jacques Audubon. Fruit de plus de trois ans de travail, cet album est r\u00e9compens\u00e9 par le Prix de la BD g\u00e9ographique d\u00e9cern\u00e9 au Festival International de G\u00e9ographie en 2016.<\/p>\n<p>En 2018, le duo se reforme autour d&rsquo;un album sur le c\u00e9l\u00e8bre naturaliste et pal\u00e9ontologue anglais, Charles Darwin dans : \u00ab\u00a0HMS Beagle, Aux origines de Darwin\u00a0\u00bb.<\/p>\n<p>&nbsp;<\/p>\n<p>Born in Paris in 1979, J\u00e9r\u00e9mie Royer lived a large part of his youth in Nice, where he went to advertising graphic school for two years.<\/p>\n<p>He then decided to leave in Belgium for the cartoon school Saint-Luc, in Brussels. After completing his studies, he returned to Paris, where he began his career in drawing.<\/p>\n<p>He published \u00ab\u00a0La travers\u00e9e\u00a0\u00bb and \u00ab\u00a0Yesterday\u00a0\u00bb (with David Blot on the story) published by Manolosanctis. Later he decided to leave for Brussels and create the studio \u00ab\u00a0Atelier Mille\u00a0\u00bb with his former classmates. After two years of work, he published with Fabien Grolleau, \u00ab\u00a0Audubon, On the Wings of the World\u00a0\u00bb which get the prize of the best comics of International Geographic of Saint-Di\u00e9-des-Vosges and was nominated in two Eisner categories in 2018: Best Reality-Based Work and Best U.S. Edition of International Material.<\/p>\n<p>In recent years, he has devoted himself to the production of \u00ab\u00a0Darwin: An Exceptional Voyage\u00a0\u00bb (Nobrow, 2019), with a story by Fabien Grolleau, which traces the life of the great naturalist Darwin.[\/vc_column_text][\/vc_column][\/vc_row][vc_row el_class=\u00a0\u00bbno-margin\u00a0\u00bb][vc_column][vc_column_text el_class=\u00a0\u00bbno-margin\u00a0\u00bb]<\/p>\n<h2 style=\"margin: 0 0 1em; float: left;\">Prix<\/h2>\n<p>[\/vc_column_text][\/vc_column][\/vc_row][vc_row el_class=\u00a0\u00bbno-margin\u00a0\u00bb][vc_column width=\u00a0\u00bb1\/2&Prime;][vc_column_text]<\/p>\n<ul>\n<li><strong>2016<\/strong>\u00a0: Prix de la BD g\u00e9ographique pour\u00a0<i>Sur les ailes du monde, Audubon<\/i>\u00a0(sc\u00e9nario de Fabien Grolleau)<\/li>\n<li><strong>2019<\/strong>\u00a0: Prix Le go\u00fbt des sciences 2018\u00a0: prix du livre scientifique pour\u00a0<i>H.M.S. Beagle, aux origines de Darwin<\/i>\u00a0(sc\u00e9nario de Fabien Grolleau)<\/li>\n<\/ul>\n<p>[\/vc_column_text][\/vc_column][\/vc_row]<\/p>\n","protected":false},"excerpt":{"rendered":"<p>[vc_row][vc_column][vc_single_image image=\u00a0\u00bb479&Prime; img_size=\u00a0\u00bbmedium\u00a0\u00bb alignment=\u00a0\u00bbcenter\u00a0\u00bb][\/vc_column][\/vc_row][vc_row el_class=\u00a0\u00bbno-margin-bottom light-margin-top\u00a0\u00bb][vc_column][vc_column_text]Il passe une grande partie de sa jeunesse \u00e0 Nice, puis y suit une formation en graphisme publicitaire pendant deux ans. Il d\u00e9cide ensuite de partir \u00e0 l\u2019\u00e9cole de BD de Saint-Luc \u00e0 Bruxelles. Ses \u00e9tudes termin\u00e9es, il retourne finalement \u00e0 Paris, o\u00f9 il d\u00e9bute sa carri\u00e8re dans le dessin. &hellip;<\/p>\n","protected":false},"author":1,"featured_media":0,"parent":0,"menu_order":0,"comment_status":"closed","ping_status":"closed","template":"blank-page.php","meta":{"footnotes":""},"class_list":["post-10","page","type-page","status-publish","hentry"],"_links":{"self":[{"href":"https:\/\/jeremieroyer.com\/index.php?rest_route=\/wp\/v2\/pages\/10","targetHints":{"allow":["GET"]}}],"collection":[{"href":"https:\/\/jeremieroyer.com\/index.php?rest_route=\/wp\/v2\/pages"}],"about":[{"href":"https:\/\/jeremieroyer.com\/index.php?rest_route=\/wp\/v2\/types\/page"}],"author":[{"embeddable":true,"href":"https:\/\/jeremieroyer.com\/index.php?rest_route=\/wp\/v2\/users\/1"}],"replies":[{"embeddable":true,"href":"https:\/\/jeremieroyer.com\/index.php?rest_route=%2Fwp%2Fv2%2Fcomments&post=10"}],"version-history":[{"count":4,"href":"https:\/\/jeremieroyer.com\/index.php?rest_route=\/wp\/v2\/pages\/10\/revisions"}],"predecessor-version":[{"id":481,"href":"https:\/\/jeremieroyer.com\/index.php?rest_route=\/wp\/v2\/pages\/10\/revisions\/481"}],"wp:attachment":[{"href":"https:\/\/jeremieroyer.com\/index.php?rest_route=%2Fwp%2Fv2%2Fmedia&parent=10"}],"curies":[{"name":"wp","href":"https:\/\/api.w.org\/{rel}","templated":true}]}}